{"id":2062,"date":"2023-12-04T15:02:47","date_gmt":"2023-12-04T14:02:47","guid":{"rendered":"https:\/\/www.ernstsutter.ch\/offre\/events-und-grossanlaesse"},"modified":"2026-03-12T10:20:30","modified_gmt":"2026-03-12T09:20:30","slug":"manifestations-et-grands-evenements","status":"publish","type":"page","link":"https:\/\/www.ernstsutter.ch\/fr\/offre\/manifestations-et-grands-evenements","title":{"rendered":"Barbecues et \u00e9v\u00e9nements"},"content":{"rendered":"","protected":false},"excerpt":{"rendered":"","protected":false},"author":1,"featured_media":3101,"parent":1969,"menu_order":8,"comment_status":"closed","ping_status":"closed","template":"","meta":{"_acf_changed":false,"footnotes":""},"class_list":["post-2062","page","type-page","status-publish","has-post-thumbnail","hentry"],"acf":[],"yoast_head":"<!-- This site is optimized with the Yoast SEO plugin v27.4 - https:\/\/yoast.com\/product\/yoast-seo-wordpress\/ -->\n<title>Barbecues et \u00e9v\u00e9nements - Ernst Sutter AG<\/title>\n<meta name=\"description\" content=\"Barbecues et \u00e9v\u00e9nements - Die Ernst Sutter AG geh\u00f6rt zu den f\u00fchrenden fleischverarbeitenden Unternehmen der Schweiz. Sie produziert und liefert kundennah Frischfleisch und Fleischwaren f\u00fcr Metzgerei-Fachgesch\u00e4fte, den Detail- und Grosshandel sowie die Lebensmittelindustrie.\" \/>\n<meta name=\"robots\" content=\"index, follow, max-snippet:-1, max-image-preview:large, max-video-preview:-1\" \/>\n<link rel=\"canonical\" href=\"https:\/\/www.ernstsutter.ch\/fr\/offre\/manifestations-et-grands-evenements\" \/>\n<meta property=\"og:locale\" content=\"fr_FR\" \/>\n<meta property=\"og:type\" content=\"article\" \/>\n<meta property=\"og:title\" content=\"Barbecues et \u00e9v\u00e9nements - Ernst Sutter AG\" \/>\n<meta property=\"og:description\" content=\"Barbecues et \u00e9v\u00e9nements - Die Ernst Sutter AG geh\u00f6rt zu den f\u00fchrenden fleischverarbeitenden Unternehmen der Schweiz. Sie produziert und liefert kundennah Frischfleisch und Fleischwaren f\u00fcr Metzgerei-Fachgesch\u00e4fte, den Detail- und Grosshandel sowie die Lebensmittelindustrie.\" \/>\n<meta property=\"og:url\" content=\"https:\/\/www.ernstsutter.ch\/fr\/offre\/manifestations-et-grands-evenements\" \/>\n<meta property=\"og:site_name\" content=\"Ernst Sutter AG\" \/>\n<meta property=\"article:modified_time\" content=\"2026-03-12T09:20:30+00:00\" \/>\n<meta property=\"og:image\" content=\"https:\/\/www.ernstsutter.ch\/wp-content\/uploads\/2024\/06\/CSIO-1-scaled-e1718031606985.jpg\" \/>\n\t<meta property=\"og:image:width\" content=\"2560\" \/>\n\t<meta property=\"og:image:height\" content=\"1440\" \/>\n\t<meta property=\"og:image:type\" content=\"image\/jpeg\" \/>\n<meta name=\"twitter:card\" content=\"summary_large_image\" \/>\n<meta name=\"twitter:label1\" content=\"Dur\u00e9e de lecture estim\u00e9e\" \/>\n\t<meta name=\"twitter:data1\" content=\"1 minute\" \/>\n<script type=\"application\/ld+json\" class=\"yoast-schema-graph\">{\"@context\":\"https:\\\/\\\/schema.org\",\"@graph\":[{\"@type\":\"WebPage\",\"@id\":\"https:\\\/\\\/www.ernstsutter.ch\\\/fr\\\/offre\\\/manifestations-et-grands-evenements\",\"url\":\"https:\\\/\\\/www.ernstsutter.ch\\\/fr\\\/offre\\\/manifestations-et-grands-evenements\",\"name\":\"Barbecues et \u00e9v\u00e9nements - Ernst Sutter AG\",\"isPartOf\":{\"@id\":\"https:\\\/\\\/www.ernstsutter.ch\\\/fr#website\"},\"primaryImageOfPage\":{\"@id\":\"https:\\\/\\\/www.ernstsutter.ch\\\/fr\\\/offre\\\/manifestations-et-grands-evenements#primaryimage\"},\"image\":{\"@id\":\"https:\\\/\\\/www.ernstsutter.ch\\\/fr\\\/offre\\\/manifestations-et-grands-evenements#primaryimage\"},\"thumbnailUrl\":\"https:\\\/\\\/www.ernstsutter.ch\\\/wp-content\\\/uploads\\\/2024\\\/06\\\/CSIO-1-scaled-e1718031606985.jpg\",\"datePublished\":\"2023-12-04T14:02:47+00:00\",\"dateModified\":\"2026-03-12T09:20:30+00:00\",\"description\":\"Barbecues et \u00e9v\u00e9nements - Die Ernst Sutter AG geh\u00f6rt zu den f\u00fchrenden fleischverarbeitenden Unternehmen der Schweiz. Sie produziert und liefert kundennah Frischfleisch und Fleischwaren f\u00fcr Metzgerei-Fachgesch\u00e4fte, den Detail- und Grosshandel sowie die Lebensmittelindustrie.\",\"breadcrumb\":{\"@id\":\"https:\\\/\\\/www.ernstsutter.ch\\\/fr\\\/offre\\\/manifestations-et-grands-evenements#breadcrumb\"},\"inLanguage\":\"fr-FR\",\"potentialAction\":[{\"@type\":\"ReadAction\",\"target\":[\"https:\\\/\\\/www.ernstsutter.ch\\\/fr\\\/offre\\\/manifestations-et-grands-evenements\"]}]},{\"@type\":\"ImageObject\",\"inLanguage\":\"fr-FR\",\"@id\":\"https:\\\/\\\/www.ernstsutter.ch\\\/fr\\\/offre\\\/manifestations-et-grands-evenements#primaryimage\",\"url\":\"https:\\\/\\\/www.ernstsutter.ch\\\/wp-content\\\/uploads\\\/2024\\\/06\\\/CSIO-1-scaled-e1718031606985.jpg\",\"contentUrl\":\"https:\\\/\\\/www.ernstsutter.ch\\\/wp-content\\\/uploads\\\/2024\\\/06\\\/CSIO-1-scaled-e1718031606985.jpg\",\"width\":2560,\"height\":1440},{\"@type\":\"BreadcrumbList\",\"@id\":\"https:\\\/\\\/www.ernstsutter.ch\\\/fr\\\/offre\\\/manifestations-et-grands-evenements#breadcrumb\",\"itemListElement\":[{\"@type\":\"ListItem\",\"position\":1,\"name\":\"Home\",\"item\":\"https:\\\/\\\/www.ernstsutter.ch\\\/fr\"},{\"@type\":\"ListItem\",\"position\":2,\"name\":\"Offre\",\"item\":\"https:\\\/\\\/www.ernstsutter.ch\\\/fr\\\/offre\"},{\"@type\":\"ListItem\",\"position\":3,\"name\":\"Barbecues et \u00e9v\u00e9nements\"}]},{\"@type\":\"WebSite\",\"@id\":\"https:\\\/\\\/www.ernstsutter.ch\\\/fr#website\",\"url\":\"https:\\\/\\\/www.ernstsutter.ch\\\/fr\",\"name\":\"Ernst Sutter AG\",\"description\":\"\",\"potentialAction\":[{\"@type\":\"SearchAction\",\"target\":{\"@type\":\"EntryPoint\",\"urlTemplate\":\"https:\\\/\\\/www.ernstsutter.ch\\\/fr?s={search_term_string}\"},\"query-input\":{\"@type\":\"PropertyValueSpecification\",\"valueRequired\":true,\"valueName\":\"search_term_string\"}}],\"inLanguage\":\"fr-FR\"}]}<\/script>\n<!-- \/ Yoast SEO plugin. -->","yoast_head_json":{"title":"Barbecues et \u00e9v\u00e9nements - Ernst Sutter AG","description":"Barbecues et \u00e9v\u00e9nements - Die Ernst Sutter AG geh\u00f6rt zu den f\u00fchrenden fleischverarbeitenden Unternehmen der Schweiz. Sie produziert und liefert kundennah Frischfleisch und Fleischwaren f\u00fcr Metzgerei-Fachgesch\u00e4fte, den Detail- und Grosshandel sowie die Lebensmittelindustrie.","robots":{"index":"index","follow":"follow","max-snippet":"max-snippet:-1","max-image-preview":"max-image-preview:large","max-video-preview":"max-video-preview:-1"},"canonical":"https:\/\/www.ernstsutter.ch\/fr\/offre\/manifestations-et-grands-evenements","og_locale":"fr_FR","og_type":"article","og_title":"Barbecues et \u00e9v\u00e9nements - Ernst Sutter AG","og_description":"Barbecues et \u00e9v\u00e9nements - Die Ernst Sutter AG geh\u00f6rt zu den f\u00fchrenden fleischverarbeitenden Unternehmen der Schweiz. Sie produziert und liefert kundennah Frischfleisch und Fleischwaren f\u00fcr Metzgerei-Fachgesch\u00e4fte, den Detail- und Grosshandel sowie die Lebensmittelindustrie.","og_url":"https:\/\/www.ernstsutter.ch\/fr\/offre\/manifestations-et-grands-evenements","og_site_name":"Ernst Sutter AG","article_modified_time":"2026-03-12T09:20:30+00:00","og_image":[{"width":2560,"height":1440,"url":"https:\/\/www.ernstsutter.ch\/wp-content\/uploads\/2024\/06\/CSIO-1-scaled-e1718031606985.jpg","type":"image\/jpeg"}],"twitter_card":"summary_large_image","twitter_misc":{"Dur\u00e9e de lecture estim\u00e9e":"1 minute"},"schema":{"@context":"https:\/\/schema.org","@graph":[{"@type":"WebPage","@id":"https:\/\/www.ernstsutter.ch\/fr\/offre\/manifestations-et-grands-evenements","url":"https:\/\/www.ernstsutter.ch\/fr\/offre\/manifestations-et-grands-evenements","name":"Barbecues et \u00e9v\u00e9nements - Ernst Sutter AG","isPartOf":{"@id":"https:\/\/www.ernstsutter.ch\/fr#website"},"primaryImageOfPage":{"@id":"https:\/\/www.ernstsutter.ch\/fr\/offre\/manifestations-et-grands-evenements#primaryimage"},"image":{"@id":"https:\/\/www.ernstsutter.ch\/fr\/offre\/manifestations-et-grands-evenements#primaryimage"},"thumbnailUrl":"https:\/\/www.ernstsutter.ch\/wp-content\/uploads\/2024\/06\/CSIO-1-scaled-e1718031606985.jpg","datePublished":"2023-12-04T14:02:47+00:00","dateModified":"2026-03-12T09:20:30+00:00","description":"Barbecues et \u00e9v\u00e9nements - Die Ernst Sutter AG geh\u00f6rt zu den f\u00fchrenden fleischverarbeitenden Unternehmen der Schweiz. Sie produziert und liefert kundennah Frischfleisch und Fleischwaren f\u00fcr Metzgerei-Fachgesch\u00e4fte, den Detail- und Grosshandel sowie die Lebensmittelindustrie.","breadcrumb":{"@id":"https:\/\/www.ernstsutter.ch\/fr\/offre\/manifestations-et-grands-evenements#breadcrumb"},"inLanguage":"fr-FR","potentialAction":[{"@type":"ReadAction","target":["https:\/\/www.ernstsutter.ch\/fr\/offre\/manifestations-et-grands-evenements"]}]},{"@type":"ImageObject","inLanguage":"fr-FR","@id":"https:\/\/www.ernstsutter.ch\/fr\/offre\/manifestations-et-grands-evenements#primaryimage","url":"https:\/\/www.ernstsutter.ch\/wp-content\/uploads\/2024\/06\/CSIO-1-scaled-e1718031606985.jpg","contentUrl":"https:\/\/www.ernstsutter.ch\/wp-content\/uploads\/2024\/06\/CSIO-1-scaled-e1718031606985.jpg","width":2560,"height":1440},{"@type":"BreadcrumbList","@id":"https:\/\/www.ernstsutter.ch\/fr\/offre\/manifestations-et-grands-evenements#breadcrumb","itemListElement":[{"@type":"ListItem","position":1,"name":"Home","item":"https:\/\/www.ernstsutter.ch\/fr"},{"@type":"ListItem","position":2,"name":"Offre","item":"https:\/\/www.ernstsutter.ch\/fr\/offre"},{"@type":"ListItem","position":3,"name":"Barbecues et \u00e9v\u00e9nements"}]},{"@type":"WebSite","@id":"https:\/\/www.ernstsutter.ch\/fr#website","url":"https:\/\/www.ernstsutter.ch\/fr","name":"Ernst Sutter AG","description":"","potentialAction":[{"@type":"SearchAction","target":{"@type":"EntryPoint","urlTemplate":"https:\/\/www.ernstsutter.ch\/fr?s={search_term_string}"},"query-input":{"@type":"PropertyValueSpecification","valueRequired":true,"valueName":"search_term_string"}}],"inLanguage":"fr-FR"}]}},"_links":{"self":[{"href":"https:\/\/www.ernstsutter.ch\/fr\/wp-json\/wp\/v2\/pages\/2062","targetHints":{"allow":["GET"]}}],"collection":[{"href":"https:\/\/www.ernstsutter.ch\/fr\/wp-json\/wp\/v2\/pages"}],"about":[{"href":"https:\/\/www.ernstsutter.ch\/fr\/wp-json\/wp\/v2\/types\/page"}],"author":[{"embeddable":true,"href":"https:\/\/www.ernstsutter.ch\/fr\/wp-json\/wp\/v2\/users\/1"}],"replies":[{"embeddable":true,"href":"https:\/\/www.ernstsutter.ch\/fr\/wp-json\/wp\/v2\/comments?post=2062"}],"version-history":[{"count":14,"href":"https:\/\/www.ernstsutter.ch\/fr\/wp-json\/wp\/v2\/pages\/2062\/revisions"}],"predecessor-version":[{"id":4257,"href":"https:\/\/www.ernstsutter.ch\/fr\/wp-json\/wp\/v2\/pages\/2062\/revisions\/4257"}],"up":[{"embeddable":true,"href":"https:\/\/www.ernstsutter.ch\/fr\/wp-json\/wp\/v2\/pages\/1969"}],"wp:featuredmedia":[{"embeddable":true,"href":"https:\/\/www.ernstsutter.ch\/fr\/wp-json\/wp\/v2\/media\/3101"}],"wp:attachment":[{"href":"https:\/\/www.ernstsutter.ch\/fr\/wp-json\/wp\/v2\/media?parent=2062"}],"curies":[{"name":"wp","href":"https:\/\/api.w.org\/{rel}","templated":true}]}}